{"id":3745,"date":"2024-02-25T18:49:40","date_gmt":"2024-02-25T17:49:40","guid":{"rendered":"https:\/\/spitec.ci\/?post_type=product&#038;p=3745"},"modified":"2024-02-25T18:49:41","modified_gmt":"2024-02-25T17:49:41","slug":"oracle-produits-services","status":"publish","type":"product","link":"https:\/\/spitec.ci\/?product=oracle-produits-services","title":{"rendered":"Oracle &#8211; Produits &#038; Services"},"content":{"rendered":"<p class=\"rh03btxt\">Oracle est le seul fournisseur de technologies dot\u00e9 d&#8217;une suite compl\u00e8te d&#8217;applications<\/p>\n<div id=\"highlighter--hover-tools\" style=\"display: none;\">\n<div id=\"highlighter--hover-tools--container\">\n<div class=\"highlighter--icon highlighter--icon-copy\" title=\"Copy\"><\/div>\n<div class=\"highlighter--icon highlighter--icon-change-color\" title=\"Change Color\"><\/div>\n<div class=\"highlighter--icon highlighter--icon-delete\" title=\"Delete\"><\/div>\n<\/div>\n<\/div>\n","protected":false},"excerpt":{"rendered":"<p class=\"rh03btxt\">Oracle est le seul fournisseur de technologies dot\u00e9 d&#8217;une suite compl\u00e8te d&#8217;applications cloud int\u00e9gr\u00e9es et d&#8217;une plate-forme d&#8217;infrastructure cloud. Oracle Cloud offre tous les services dont vous avez besoin pour migrer, cr\u00e9er et ex\u00e9cuter votre infrastructure informatique, des workloads d&#8217;entreprise existants aux nouvelles plates-formes de donn\u00e9es et applications cloud natives. Les applications Oracle Cloud s&#8217;appuient sur notre infrastructure cloud comprenant des modules front-office et back-office pour prendre en charge des processus coh\u00e9rents et une source unique d&#8217;informations fiables sur les fonctions m\u00e9tier les plus importantes.<\/p>\n<div id=\"highlighter--hover-tools\">\n<div id=\"highlighter--hover-tools--container\">\n<div class=\"highlighter--icon highlighter--icon-copy\" title=\"Copy\"><\/div>\n<div class=\"highlighter--icon highlighter--icon-change-color\" title=\"Change Color\"><\/div>\n<div class=\"highlighter--icon highlighter--icon-delete\" title=\"Delete\"><\/div>\n<\/div>\n<\/div>\n<div id=\"highlighter--hover-tools\" style=\"display: none;\">\n<div id=\"highlighter--hover-tools--container\">\n<div class=\"highlighter--icon highlighter--icon-copy\" title=\"Copy\"><\/div>\n<div class=\"highlighter--icon highlighter--icon-change-color\" title=\"Change Color\"><\/div>\n<div class=\"highlighter--icon highlighter--icon-delete\" title=\"Delete\"><\/div>\n<\/div>\n<\/div>\n","protected":false},"featured_media":3739,"template":"","meta":[],"product_cat":[15],"product_tag":[104,93,103,88,105],"class_list":{"0":"post-3745","1":"product","2":"type-product","3":"status-publish","4":"has-post-thumbnail","6":"product_cat-uncategorized","7":"product_tag-cloud","8":"product_tag-hardware","9":"product_tag-oracle","10":"product_tag-serveur","11":"product_tag-software","13":"first","14":"instock","15":"shipping-taxable","16":"product-type-simple"},"yoast_head":"<!-- This site is optimized with the Yoast SEO Premium plugin v23.8 (Yoast SEO v23.8) - https:\/\/yoast.com\/wordpress\/plugins\/seo\/ -->\n<title>Oracle - Produits &amp; Services - SPITEC<\/title>\n<meta name=\"robots\" content=\"index, follow, max-snippet:-1, max-image-preview:large, max-video-preview:-1\" \/>\n<link rel=\"canonical\" href=\"https:\/\/spitec.ci\/?product=oracle-produits-services\" \/>\n<meta property=\"og:locale\" content=\"fr_FR\" \/>\n<meta property=\"og:type\" content=\"article\" \/>\n<meta property=\"og:title\" content=\"Oracle - Produits &amp; Services\" \/>\n<meta property=\"og:description\" content=\"Oracle est le seul fournisseur de technologies dot\u00e9 d&#039;une suite compl\u00e8te d&#039;applications cloud int\u00e9gr\u00e9es et d&#039;une plate-forme d&#039;infrastructure cloud. Oracle Cloud offre tous les services dont vous avez besoin pour migrer, cr\u00e9er et ex\u00e9cuter votre infrastructure informatique, des workloads d&#039;entreprise existants aux nouvelles plates-formes de donn\u00e9es et applications cloud natives. Les applications Oracle Cloud s&#039;appuient sur notre infrastructure cloud comprenant des modules front-office et back-office pour prendre en charge des processus coh\u00e9rents et une source unique d&#039;informations fiables sur les fonctions m\u00e9tier les plus importantes.\" \/>\n<meta property=\"og:url\" content=\"https:\/\/spitec.ci\/?product=oracle-produits-services\" \/>\n<meta property=\"og:site_name\" content=\"SPITEC\" \/>\n<meta property=\"article:publisher\" content=\"https:\/\/www.facebook.com\/spitecpro\" \/>\n<meta property=\"article:modified_time\" content=\"2024-02-25T17:49:41+00:00\" \/>\n<meta property=\"og:image\" content=\"https:\/\/spitec.ci\/wp-content\/uploads\/2024\/02\/960x0.webp\" \/>\n\t<meta property=\"og:image:width\" content=\"960\" \/>\n\t<meta property=\"og:image:height\" content=\"540\" \/>\n\t<meta property=\"og:image:type\" content=\"image\/webp\" \/>\n<meta name=\"twitter:card\" content=\"summary_large_image\" \/>\n<script type=\"application\/ld+json\" class=\"yoast-schema-graph\">{\"@context\":\"https:\/\/schema.org\",\"@graph\":[{\"@type\":\"WebPage\",\"@id\":\"https:\/\/spitec.ci\/?product=oracle-produits-services\",\"url\":\"https:\/\/spitec.ci\/?product=oracle-produits-services\",\"name\":\"Oracle - Produits & Services - SPITEC\",\"isPartOf\":{\"@id\":\"https:\/\/spitec.ci\/#website\"},\"primaryImageOfPage\":{\"@id\":\"https:\/\/spitec.ci\/?product=oracle-produits-services#primaryimage\"},\"image\":{\"@id\":\"https:\/\/spitec.ci\/?product=oracle-produits-services#primaryimage\"},\"thumbnailUrl\":\"https:\/\/spitec.ci\/wp-content\/uploads\/2024\/02\/960x0.webp\",\"datePublished\":\"2024-02-25T17:49:40+00:00\",\"dateModified\":\"2024-02-25T17:49:41+00:00\",\"breadcrumb\":{\"@id\":\"https:\/\/spitec.ci\/?product=oracle-produits-services#breadcrumb\"},\"inLanguage\":\"fr-FR\",\"potentialAction\":[{\"@type\":\"ReadAction\",\"target\":[\"https:\/\/spitec.ci\/?product=oracle-produits-services\"]}]},{\"@type\":\"ImageObject\",\"inLanguage\":\"fr-FR\",\"@id\":\"https:\/\/spitec.ci\/?product=oracle-produits-services#primaryimage\",\"url\":\"https:\/\/spitec.ci\/wp-content\/uploads\/2024\/02\/960x0.webp\",\"contentUrl\":\"https:\/\/spitec.ci\/wp-content\/uploads\/2024\/02\/960x0.webp\",\"width\":960,\"height\":540},{\"@type\":\"BreadcrumbList\",\"@id\":\"https:\/\/spitec.ci\/?product=oracle-produits-services#breadcrumb\",\"itemListElement\":[{\"@type\":\"ListItem\",\"position\":1,\"name\":\"Home\",\"item\":\"https:\/\/spitec.ci\/\"},{\"@type\":\"ListItem\",\"position\":2,\"name\":\"SPITEC Store\",\"item\":\"https:\/\/spitec.ci\/?page_id=9\"},{\"@type\":\"ListItem\",\"position\":3,\"name\":\"Oracle &#8211; Produits &#038; Services\"}]},{\"@type\":\"WebSite\",\"@id\":\"https:\/\/spitec.ci\/#website\",\"url\":\"https:\/\/spitec.ci\/\",\"name\":\"SPITEC\",\"description\":\"Soci\u00e9t\u00e9 des Professionnels de l&#039;Information et de la Technologie\",\"publisher\":{\"@id\":\"https:\/\/spitec.ci\/#organization\"},\"alternateName\":\"SPITEC\",\"potentialAction\":[{\"@type\":\"SearchAction\",\"target\":{\"@type\":\"EntryPoint\",\"urlTemplate\":\"https:\/\/spitec.ci\/?s={search_term_string}\"},\"query-input\":{\"@type\":\"PropertyValueSpecification\",\"valueRequired\":true,\"valueName\":\"search_term_string\"}}],\"inLanguage\":\"fr-FR\"},{\"@type\":\"Organization\",\"@id\":\"https:\/\/spitec.ci\/#organization\",\"name\":\"SPITEC\",\"url\":\"https:\/\/spitec.ci\/\",\"logo\":{\"@type\":\"ImageObject\",\"inLanguage\":\"fr-FR\",\"@id\":\"https:\/\/spitec.ci\/#\/schema\/logo\/image\/\",\"url\":\"https:\/\/spitec.ci\/wp-content\/uploads\/2024\/04\/cropped-Plan-de-travail-1.png\",\"contentUrl\":\"https:\/\/spitec.ci\/wp-content\/uploads\/2024\/04\/cropped-Plan-de-travail-1.png\",\"width\":512,\"height\":512,\"caption\":\"SPITEC\"},\"image\":{\"@id\":\"https:\/\/spitec.ci\/#\/schema\/logo\/image\/\"},\"sameAs\":[\"https:\/\/www.facebook.com\/spitecpro\",\"https:\/\/www.linkedin.com\/company\/spitecpro\"],\"description\":\"Int\u00e9grateur de Solutions - L'\u00e9quipe IT \u00e0 votre port\u00e9\",\"email\":\"direction@spitec.ci\",\"telephone\":\"+2250700301929\",\"legalName\":\"SPITEC\",\"foundingDate\":\"2016-05-01\",\"numberOfEmployees\":{\"@type\":\"QuantitativeValue\",\"minValue\":\"11\",\"maxValue\":\"50\"}}]}<\/script>\n<!-- \/ Yoast SEO Premium plugin. -->","yoast_head_json":{"title":"Oracle - Produits & Services - SPITEC","robots":{"index":"index","follow":"follow","max-snippet":"max-snippet:-1","max-image-preview":"max-image-preview:large","max-video-preview":"max-video-preview:-1"},"canonical":"https:\/\/spitec.ci\/?product=oracle-produits-services","og_locale":"fr_FR","og_type":"article","og_title":"Oracle - Produits & Services","og_description":"Oracle est le seul fournisseur de technologies dot\u00e9 d'une suite compl\u00e8te d'applications cloud int\u00e9gr\u00e9es et d'une plate-forme d'infrastructure cloud. Oracle Cloud offre tous les services dont vous avez besoin pour migrer, cr\u00e9er et ex\u00e9cuter votre infrastructure informatique, des workloads d'entreprise existants aux nouvelles plates-formes de donn\u00e9es et applications cloud natives. Les applications Oracle Cloud s'appuient sur notre infrastructure cloud comprenant des modules front-office et back-office pour prendre en charge des processus coh\u00e9rents et une source unique d'informations fiables sur les fonctions m\u00e9tier les plus importantes.","og_url":"https:\/\/spitec.ci\/?product=oracle-produits-services","og_site_name":"SPITEC","article_publisher":"https:\/\/www.facebook.com\/spitecpro","article_modified_time":"2024-02-25T17:49:41+00:00","og_image":[{"width":960,"height":540,"url":"https:\/\/spitec.ci\/wp-content\/uploads\/2024\/02\/960x0.webp","type":"image\/webp"}],"twitter_card":"summary_large_image","schema":{"@context":"https:\/\/schema.org","@graph":[{"@type":"WebPage","@id":"https:\/\/spitec.ci\/?product=oracle-produits-services","url":"https:\/\/spitec.ci\/?product=oracle-produits-services","name":"Oracle - Produits & Services - SPITEC","isPartOf":{"@id":"https:\/\/spitec.ci\/#website"},"primaryImageOfPage":{"@id":"https:\/\/spitec.ci\/?product=oracle-produits-services#primaryimage"},"image":{"@id":"https:\/\/spitec.ci\/?product=oracle-produits-services#primaryimage"},"thumbnailUrl":"https:\/\/spitec.ci\/wp-content\/uploads\/2024\/02\/960x0.webp","datePublished":"2024-02-25T17:49:40+00:00","dateModified":"2024-02-25T17:49:41+00:00","breadcrumb":{"@id":"https:\/\/spitec.ci\/?product=oracle-produits-services#breadcrumb"},"inLanguage":"fr-FR","potentialAction":[{"@type":"ReadAction","target":["https:\/\/spitec.ci\/?product=oracle-produits-services"]}]},{"@type":"ImageObject","inLanguage":"fr-FR","@id":"https:\/\/spitec.ci\/?product=oracle-produits-services#primaryimage","url":"https:\/\/spitec.ci\/wp-content\/uploads\/2024\/02\/960x0.webp","contentUrl":"https:\/\/spitec.ci\/wp-content\/uploads\/2024\/02\/960x0.webp","width":960,"height":540},{"@type":"BreadcrumbList","@id":"https:\/\/spitec.ci\/?product=oracle-produits-services#breadcrumb","itemListElement":[{"@type":"ListItem","position":1,"name":"Home","item":"https:\/\/spitec.ci\/"},{"@type":"ListItem","position":2,"name":"SPITEC Store","item":"https:\/\/spitec.ci\/?page_id=9"},{"@type":"ListItem","position":3,"name":"Oracle &#8211; Produits &#038; Services"}]},{"@type":"WebSite","@id":"https:\/\/spitec.ci\/#website","url":"https:\/\/spitec.ci\/","name":"SPITEC","description":"Soci\u00e9t\u00e9 des Professionnels de l&#039;Information et de la Technologie","publisher":{"@id":"https:\/\/spitec.ci\/#organization"},"alternateName":"SPITEC","potentialAction":[{"@type":"SearchAction","target":{"@type":"EntryPoint","urlTemplate":"https:\/\/spitec.ci\/?s={search_term_string}"},"query-input":{"@type":"PropertyValueSpecification","valueRequired":true,"valueName":"search_term_string"}}],"inLanguage":"fr-FR"},{"@type":"Organization","@id":"https:\/\/spitec.ci\/#organization","name":"SPITEC","url":"https:\/\/spitec.ci\/","logo":{"@type":"ImageObject","inLanguage":"fr-FR","@id":"https:\/\/spitec.ci\/#\/schema\/logo\/image\/","url":"https:\/\/spitec.ci\/wp-content\/uploads\/2024\/04\/cropped-Plan-de-travail-1.png","contentUrl":"https:\/\/spitec.ci\/wp-content\/uploads\/2024\/04\/cropped-Plan-de-travail-1.png","width":512,"height":512,"caption":"SPITEC"},"image":{"@id":"https:\/\/spitec.ci\/#\/schema\/logo\/image\/"},"sameAs":["https:\/\/www.facebook.com\/spitecpro","https:\/\/www.linkedin.com\/company\/spitecpro"],"description":"Int\u00e9grateur de Solutions - L'\u00e9quipe IT \u00e0 votre port\u00e9","email":"direction@spitec.ci","telephone":"+2250700301929","legalName":"SPITEC","foundingDate":"2016-05-01","numberOfEmployees":{"@type":"QuantitativeValue","minValue":"11","maxValue":"50"}}]}},"_links":{"self":[{"href":"https:\/\/spitec.ci\/index.php?rest_route=\/wp\/v2\/product\/3745","targetHints":{"allow":["GET"]}}],"collection":[{"href":"https:\/\/spitec.ci\/index.php?rest_route=\/wp\/v2\/product"}],"about":[{"href":"https:\/\/spitec.ci\/index.php?rest_route=\/wp\/v2\/types\/product"}],"wp:featuredmedia":[{"embeddable":true,"href":"https:\/\/spitec.ci\/index.php?rest_route=\/wp\/v2\/media\/3739"}],"wp:attachment":[{"href":"https:\/\/spitec.ci\/index.php?rest_route=%2Fwp%2Fv2%2Fmedia&parent=3745"}],"wp:term":[{"taxonomy":"product_cat","embeddable":true,"href":"https:\/\/spitec.ci\/index.php?rest_route=%2Fwp%2Fv2%2Fproduct_cat&post=3745"},{"taxonomy":"product_tag","embeddable":true,"href":"https:\/\/spitec.ci\/index.php?rest_route=%2Fwp%2Fv2%2Fproduct_tag&post=3745"}],"curies":[{"name":"wp","href":"https:\/\/api.w.org\/{rel}","templated":true}]}}