{"id":3743,"date":"2024-02-25T18:44:37","date_gmt":"2024-02-25T17:44:37","guid":{"rendered":"https:\/\/spitec.ci\/?post_type=product&#038;p=3743"},"modified":"2024-02-25T18:44:38","modified_gmt":"2024-02-25T17:44:38","slug":"serveur-dell","status":"publish","type":"product","link":"https:\/\/spitec.ci\/?product=serveur-dell","title":{"rendered":"Serveur DELL"},"content":{"rendered":"<p><span class=\"banner-theme-color-dark\">Boostez votre moteur d\u2019innovation avec des solutions technologiques qui vous aident \u00e0 innover, \u00e0 vous adapter et \u00e0 vous d\u00e9velopper.<br \/>\n<\/span><\/p>\n<p>&nbsp;<\/p>\n<div id=\"highlighter--hover-tools\" style=\"display: none;\">\n<div id=\"highlighter--hover-tools--container\">\n<div class=\"highlighter--icon highlighter--icon-copy\" title=\"Copy\"><\/div>\n<div class=\"highlighter--icon highlighter--icon-change-color\" title=\"Change Color\"><\/div>\n<div class=\"highlighter--icon highlighter--icon-delete\" title=\"Delete\"><\/div>\n<\/div>\n<\/div>\n","protected":false},"excerpt":{"rendered":"<p><span class=\"banner-theme-color-dark\">Boostez votre moteur d\u2019innovation avec des solutions technologiques qui vous aident \u00e0 innover, \u00e0 vous adapter et \u00e0 vous d\u00e9velopper.<\/span><\/p>\n<h3 class=\"card-sub-title\">Quand la performance rencontre la s\u00e9curit\u00e9<\/h3>\n<p class=\"card-desc\">Proposez une infrastructure s\u00e9curis\u00e9e et \u00e9volutive avec des serveurs au format rack \u00e0 un, deux ou quatre sockets haute densit\u00e9, optimis\u00e9s pour que vos syst\u00e8mes fonctionnent ensemble et ind\u00e9pendamment. Id\u00e9ale pour les applications traditionnelles, la virtualisation et les charges applicatives Cloud natives.<\/p>\n<p><a href=\"https:\/\/www.dell.com\/fr-fr\/shop\/serveurs-dell-poweredge\/sc\/servers\">En savoir Plus&#8230;<\/a><\/p>\n<div id=\"highlighter--hover-tools\" style=\"display: none;\">\n<div id=\"highlighter--hover-tools--container\">\n<div class=\"highlighter--icon highlighter--icon-copy\" title=\"Copy\"><\/div>\n<div class=\"highlighter--icon highlighter--icon-change-color\" title=\"Change Color\"><\/div>\n<div class=\"highlighter--icon highlighter--icon-delete\" title=\"Delete\"><\/div>\n<\/div>\n<\/div>\n","protected":false},"featured_media":3736,"template":"","meta":[],"product_cat":[86,87,69,71],"product_tag":[96,97,93,90,98,89,88,95],"class_list":{"0":"post-3743","1":"product","2":"type-product","3":"status-publish","4":"has-post-thumbnail","6":"product_cat-materiels","7":"product_cat-ordinateurs","8":"product_cat-serveurs","9":"product_cat-systemes","10":"product_tag-dell","11":"product_tag-demande","12":"product_tag-hardware","13":"product_tag-os","14":"product_tag-prix","15":"product_tag-server","16":"product_tag-serveur","17":"product_tag-systeme","19":"first","20":"instock","21":"shipping-taxable","22":"product-type-simple"},"yoast_head":"<!-- This site is optimized with the Yoast SEO Premium plugin v23.8 (Yoast SEO v23.8) - https:\/\/yoast.com\/wordpress\/plugins\/seo\/ -->\n<title>Serveur DELL - SPITEC<\/title>\n<meta name=\"robots\" content=\"index, follow, max-snippet:-1, max-image-preview:large, max-video-preview:-1\" \/>\n<link rel=\"canonical\" href=\"https:\/\/spitec.ci\/?product=serveur-dell\" \/>\n<meta property=\"og:locale\" content=\"fr_FR\" \/>\n<meta property=\"og:type\" content=\"article\" \/>\n<meta property=\"og:title\" content=\"Serveur DELL\" \/>\n<meta property=\"og:description\" content=\"Boostez votre moteur d\u2019innovation avec des solutions technologiques qui vous aident \u00e0 innover, \u00e0 vous adapter et \u00e0 vous d\u00e9velopper. Quand la performance rencontre la s\u00e9curit\u00e9 Proposez une infrastructure s\u00e9curis\u00e9e et \u00e9volutive avec des serveurs au format rack \u00e0 un, deux ou quatre sockets haute densit\u00e9, optimis\u00e9s pour que vos syst\u00e8mes fonctionnent ensemble et ind\u00e9pendamment. Id\u00e9ale pour les applications traditionnelles, la virtualisation et les charges applicatives Cloud natives. En savoir Plus...\" \/>\n<meta property=\"og:url\" content=\"https:\/\/spitec.ci\/?product=serveur-dell\" \/>\n<meta property=\"og:site_name\" content=\"SPITEC\" \/>\n<meta property=\"article:publisher\" content=\"https:\/\/www.facebook.com\/spitecpro\" \/>\n<meta property=\"article:modified_time\" content=\"2024-02-25T17:44:38+00:00\" \/>\n<meta property=\"og:image\" content=\"https:\/\/spitec.ci\/wp-content\/uploads\/2024\/02\/Dell-PowerEdge-family_Jan-2023_cropped.png\" \/>\n\t<meta property=\"og:image:width\" content=\"942\" \/>\n\t<meta property=\"og:image:height\" content=\"409\" \/>\n\t<meta property=\"og:image:type\" content=\"image\/png\" \/>\n<meta name=\"twitter:card\" content=\"summary_large_image\" \/>\n<script type=\"application\/ld+json\" class=\"yoast-schema-graph\">{\"@context\":\"https:\/\/schema.org\",\"@graph\":[{\"@type\":\"WebPage\",\"@id\":\"https:\/\/spitec.ci\/?product=serveur-dell\",\"url\":\"https:\/\/spitec.ci\/?product=serveur-dell\",\"name\":\"Serveur DELL - SPITEC\",\"isPartOf\":{\"@id\":\"https:\/\/spitec.ci\/#website\"},\"primaryImageOfPage\":{\"@id\":\"https:\/\/spitec.ci\/?product=serveur-dell#primaryimage\"},\"image\":{\"@id\":\"https:\/\/spitec.ci\/?product=serveur-dell#primaryimage\"},\"thumbnailUrl\":\"https:\/\/spitec.ci\/wp-content\/uploads\/2024\/02\/Dell-PowerEdge-family_Jan-2023_cropped.png\",\"datePublished\":\"2024-02-25T17:44:37+00:00\",\"dateModified\":\"2024-02-25T17:44:38+00:00\",\"breadcrumb\":{\"@id\":\"https:\/\/spitec.ci\/?product=serveur-dell#breadcrumb\"},\"inLanguage\":\"fr-FR\",\"potentialAction\":[{\"@type\":\"ReadAction\",\"target\":[\"https:\/\/spitec.ci\/?product=serveur-dell\"]}]},{\"@type\":\"ImageObject\",\"inLanguage\":\"fr-FR\",\"@id\":\"https:\/\/spitec.ci\/?product=serveur-dell#primaryimage\",\"url\":\"https:\/\/spitec.ci\/wp-content\/uploads\/2024\/02\/Dell-PowerEdge-family_Jan-2023_cropped.png\",\"contentUrl\":\"https:\/\/spitec.ci\/wp-content\/uploads\/2024\/02\/Dell-PowerEdge-family_Jan-2023_cropped.png\",\"width\":942,\"height\":409},{\"@type\":\"BreadcrumbList\",\"@id\":\"https:\/\/spitec.ci\/?product=serveur-dell#breadcrumb\",\"itemListElement\":[{\"@type\":\"ListItem\",\"position\":1,\"name\":\"Home\",\"item\":\"https:\/\/spitec.ci\/\"},{\"@type\":\"ListItem\",\"position\":2,\"name\":\"SPITEC Store\",\"item\":\"https:\/\/spitec.ci\/?page_id=9\"},{\"@type\":\"ListItem\",\"position\":3,\"name\":\"Serveur DELL\"}]},{\"@type\":\"WebSite\",\"@id\":\"https:\/\/spitec.ci\/#website\",\"url\":\"https:\/\/spitec.ci\/\",\"name\":\"SPITEC\",\"description\":\"Soci\u00e9t\u00e9 des Professionnels de l&#039;Information et de la Technologie\",\"publisher\":{\"@id\":\"https:\/\/spitec.ci\/#organization\"},\"alternateName\":\"SPITEC\",\"potentialAction\":[{\"@type\":\"SearchAction\",\"target\":{\"@type\":\"EntryPoint\",\"urlTemplate\":\"https:\/\/spitec.ci\/?s={search_term_string}\"},\"query-input\":{\"@type\":\"PropertyValueSpecification\",\"valueRequired\":true,\"valueName\":\"search_term_string\"}}],\"inLanguage\":\"fr-FR\"},{\"@type\":\"Organization\",\"@id\":\"https:\/\/spitec.ci\/#organization\",\"name\":\"SPITEC\",\"url\":\"https:\/\/spitec.ci\/\",\"logo\":{\"@type\":\"ImageObject\",\"inLanguage\":\"fr-FR\",\"@id\":\"https:\/\/spitec.ci\/#\/schema\/logo\/image\/\",\"url\":\"https:\/\/spitec.ci\/wp-content\/uploads\/2024\/04\/cropped-Plan-de-travail-1.png\",\"contentUrl\":\"https:\/\/spitec.ci\/wp-content\/uploads\/2024\/04\/cropped-Plan-de-travail-1.png\",\"width\":512,\"height\":512,\"caption\":\"SPITEC\"},\"image\":{\"@id\":\"https:\/\/spitec.ci\/#\/schema\/logo\/image\/\"},\"sameAs\":[\"https:\/\/www.facebook.com\/spitecpro\",\"https:\/\/www.linkedin.com\/company\/spitecpro\"],\"description\":\"Int\u00e9grateur de Solutions - L'\u00e9quipe IT \u00e0 votre port\u00e9\",\"email\":\"direction@spitec.ci\",\"telephone\":\"+2250700301929\",\"legalName\":\"SPITEC\",\"foundingDate\":\"2016-05-01\",\"numberOfEmployees\":{\"@type\":\"QuantitativeValue\",\"minValue\":\"11\",\"maxValue\":\"50\"}}]}<\/script>\n<!-- \/ Yoast SEO Premium plugin. -->","yoast_head_json":{"title":"Serveur DELL - SPITEC","robots":{"index":"index","follow":"follow","max-snippet":"max-snippet:-1","max-image-preview":"max-image-preview:large","max-video-preview":"max-video-preview:-1"},"canonical":"https:\/\/spitec.ci\/?product=serveur-dell","og_locale":"fr_FR","og_type":"article","og_title":"Serveur DELL","og_description":"Boostez votre moteur d\u2019innovation avec des solutions technologiques qui vous aident \u00e0 innover, \u00e0 vous adapter et \u00e0 vous d\u00e9velopper. Quand la performance rencontre la s\u00e9curit\u00e9 Proposez une infrastructure s\u00e9curis\u00e9e et \u00e9volutive avec des serveurs au format rack \u00e0 un, deux ou quatre sockets haute densit\u00e9, optimis\u00e9s pour que vos syst\u00e8mes fonctionnent ensemble et ind\u00e9pendamment. Id\u00e9ale pour les applications traditionnelles, la virtualisation et les charges applicatives Cloud natives. En savoir Plus...","og_url":"https:\/\/spitec.ci\/?product=serveur-dell","og_site_name":"SPITEC","article_publisher":"https:\/\/www.facebook.com\/spitecpro","article_modified_time":"2024-02-25T17:44:38+00:00","og_image":[{"width":942,"height":409,"url":"https:\/\/spitec.ci\/wp-content\/uploads\/2024\/02\/Dell-PowerEdge-family_Jan-2023_cropped.png","type":"image\/png"}],"twitter_card":"summary_large_image","schema":{"@context":"https:\/\/schema.org","@graph":[{"@type":"WebPage","@id":"https:\/\/spitec.ci\/?product=serveur-dell","url":"https:\/\/spitec.ci\/?product=serveur-dell","name":"Serveur DELL - SPITEC","isPartOf":{"@id":"https:\/\/spitec.ci\/#website"},"primaryImageOfPage":{"@id":"https:\/\/spitec.ci\/?product=serveur-dell#primaryimage"},"image":{"@id":"https:\/\/spitec.ci\/?product=serveur-dell#primaryimage"},"thumbnailUrl":"https:\/\/spitec.ci\/wp-content\/uploads\/2024\/02\/Dell-PowerEdge-family_Jan-2023_cropped.png","datePublished":"2024-02-25T17:44:37+00:00","dateModified":"2024-02-25T17:44:38+00:00","breadcrumb":{"@id":"https:\/\/spitec.ci\/?product=serveur-dell#breadcrumb"},"inLanguage":"fr-FR","potentialAction":[{"@type":"ReadAction","target":["https:\/\/spitec.ci\/?product=serveur-dell"]}]},{"@type":"ImageObject","inLanguage":"fr-FR","@id":"https:\/\/spitec.ci\/?product=serveur-dell#primaryimage","url":"https:\/\/spitec.ci\/wp-content\/uploads\/2024\/02\/Dell-PowerEdge-family_Jan-2023_cropped.png","contentUrl":"https:\/\/spitec.ci\/wp-content\/uploads\/2024\/02\/Dell-PowerEdge-family_Jan-2023_cropped.png","width":942,"height":409},{"@type":"BreadcrumbList","@id":"https:\/\/spitec.ci\/?product=serveur-dell#breadcrumb","itemListElement":[{"@type":"ListItem","position":1,"name":"Home","item":"https:\/\/spitec.ci\/"},{"@type":"ListItem","position":2,"name":"SPITEC Store","item":"https:\/\/spitec.ci\/?page_id=9"},{"@type":"ListItem","position":3,"name":"Serveur DELL"}]},{"@type":"WebSite","@id":"https:\/\/spitec.ci\/#website","url":"https:\/\/spitec.ci\/","name":"SPITEC","description":"Soci\u00e9t\u00e9 des Professionnels de l&#039;Information et de la Technologie","publisher":{"@id":"https:\/\/spitec.ci\/#organization"},"alternateName":"SPITEC","potentialAction":[{"@type":"SearchAction","target":{"@type":"EntryPoint","urlTemplate":"https:\/\/spitec.ci\/?s={search_term_string}"},"query-input":{"@type":"PropertyValueSpecification","valueRequired":true,"valueName":"search_term_string"}}],"inLanguage":"fr-FR"},{"@type":"Organization","@id":"https:\/\/spitec.ci\/#organization","name":"SPITEC","url":"https:\/\/spitec.ci\/","logo":{"@type":"ImageObject","inLanguage":"fr-FR","@id":"https:\/\/spitec.ci\/#\/schema\/logo\/image\/","url":"https:\/\/spitec.ci\/wp-content\/uploads\/2024\/04\/cropped-Plan-de-travail-1.png","contentUrl":"https:\/\/spitec.ci\/wp-content\/uploads\/2024\/04\/cropped-Plan-de-travail-1.png","width":512,"height":512,"caption":"SPITEC"},"image":{"@id":"https:\/\/spitec.ci\/#\/schema\/logo\/image\/"},"sameAs":["https:\/\/www.facebook.com\/spitecpro","https:\/\/www.linkedin.com\/company\/spitecpro"],"description":"Int\u00e9grateur de Solutions - L'\u00e9quipe IT \u00e0 votre port\u00e9","email":"direction@spitec.ci","telephone":"+2250700301929","legalName":"SPITEC","foundingDate":"2016-05-01","numberOfEmployees":{"@type":"QuantitativeValue","minValue":"11","maxValue":"50"}}]}},"_links":{"self":[{"href":"https:\/\/spitec.ci\/index.php?rest_route=\/wp\/v2\/product\/3743","targetHints":{"allow":["GET"]}}],"collection":[{"href":"https:\/\/spitec.ci\/index.php?rest_route=\/wp\/v2\/product"}],"about":[{"href":"https:\/\/spitec.ci\/index.php?rest_route=\/wp\/v2\/types\/product"}],"wp:featuredmedia":[{"embeddable":true,"href":"https:\/\/spitec.ci\/index.php?rest_route=\/wp\/v2\/media\/3736"}],"wp:attachment":[{"href":"https:\/\/spitec.ci\/index.php?rest_route=%2Fwp%2Fv2%2Fmedia&parent=3743"}],"wp:term":[{"taxonomy":"product_cat","embeddable":true,"href":"https:\/\/spitec.ci\/index.php?rest_route=%2Fwp%2Fv2%2Fproduct_cat&post=3743"},{"taxonomy":"product_tag","embeddable":true,"href":"https:\/\/spitec.ci\/index.php?rest_route=%2Fwp%2Fv2%2Fproduct_tag&post=3743"}],"curies":[{"name":"wp","href":"https:\/\/api.w.org\/{rel}","templated":true}]}}