{"id":3742,"date":"2024-02-25T18:39:26","date_gmt":"2024-02-25T17:39:26","guid":{"rendered":"https:\/\/spitec.ci\/?post_type=product&#038;p=3742"},"modified":"2024-02-25T18:40:42","modified_gmt":"2024-02-25T17:40:42","slug":"serveur-hpe","status":"publish","type":"product","link":"https:\/\/spitec.ci\/?product=serveur-hpe","title":{"rendered":"Serveur HPE"},"content":{"rendered":"<p><span class=\"body-copy-large\">Des serveurs con\u00e7us pour votre monde hybride. <\/span><\/p>\n<div id=\"highlighter--hover-tools\" style=\"display: none;\">\n<div id=\"highlighter--hover-tools--container\">\n<div class=\"highlighter--icon highlighter--icon-copy\" title=\"Copy\"><\/div>\n<div class=\"highlighter--icon highlighter--icon-change-color\" title=\"Change Color\"><\/div>\n<div class=\"highlighter--icon highlighter--icon-delete\" title=\"Delete\"><\/div>\n<\/div>\n<\/div>\n<div id=\"highlighter--hover-tools\" style=\"display: none;\">\n<div id=\"highlighter--hover-tools--container\">\n<div class=\"highlighter--icon highlighter--icon-copy\" title=\"Copy\"><\/div>\n<div class=\"highlighter--icon highlighter--icon-change-color\" title=\"Change Color\"><\/div>\n<div class=\"highlighter--icon highlighter--icon-delete\" title=\"Delete\"><\/div>\n<\/div>\n<\/div>\n","protected":false},"excerpt":{"rendered":"<p><span class=\"body-copy-large\">Tirez davantage de valeur de vos donn\u00e9es et acc\u00e9l\u00e9rez les r\u00e9sultats de vos initiatives d\u2019IA pour obtenir des informations pertinentes et favoriser l\u2019innovation.<\/span><\/p>\n<p><a href=\"https:\/\/www.hpe.com\/emea_africa\/fr\/hpe-proliant-servers.html\">En savoir plus<\/a><\/p>\n<div id=\"highlighter--hover-tools\" style=\"display: none;\">\n<div id=\"highlighter--hover-tools--container\">\n<div class=\"highlighter--icon highlighter--icon-copy\" title=\"Copy\"><\/div>\n<div class=\"highlighter--icon highlighter--icon-change-color\" title=\"Change Color\"><\/div>\n<div class=\"highlighter--icon highlighter--icon-delete\" title=\"Delete\"><\/div>\n<\/div>\n<\/div>\n<div id=\"highlighter--hover-tools\" style=\"display: none;\">\n<div id=\"highlighter--hover-tools--container\">\n<div class=\"highlighter--icon highlighter--icon-copy\" title=\"Copy\"><\/div>\n<div class=\"highlighter--icon highlighter--icon-change-color\" title=\"Change Color\"><\/div>\n<div class=\"highlighter--icon highlighter--icon-delete\" title=\"Delete\"><\/div>\n<\/div>\n<\/div>\n","protected":false},"featured_media":3725,"template":"","meta":[],"product_cat":[65,86,61,87,69],"product_tag":[93,94,91,92,90,89,88,95],"class_list":{"0":"post-3742","1":"product","2":"type-product","3":"status-publish","4":"has-post-thumbnail","6":"product_cat-logiciels","7":"product_cat-materiels","8":"product_cat-microsoft","9":"product_cat-ordinateurs","10":"product_cat-serveurs","11":"product_tag-hardware","12":"product_tag-informatique","13":"product_tag-it","14":"product_tag-materiel","15":"product_tag-os","16":"product_tag-server","17":"product_tag-serveur","18":"product_tag-systeme","20":"first","21":"instock","22":"shipping-taxable","23":"product-type-simple"},"yoast_head":"<!-- This site is optimized with the Yoast SEO Premium plugin v23.8 (Yoast SEO v23.8) - https:\/\/yoast.com\/wordpress\/plugins\/seo\/ -->\n<title>Serveur HPE - SPITEC<\/title>\n<meta name=\"robots\" content=\"index, follow, max-snippet:-1, max-image-preview:large, max-video-preview:-1\" \/>\n<link rel=\"canonical\" href=\"https:\/\/spitec.ci\/?product=serveur-hpe\" \/>\n<meta property=\"og:locale\" content=\"fr_FR\" \/>\n<meta property=\"og:type\" content=\"article\" \/>\n<meta property=\"og:title\" content=\"Serveur HPE\" \/>\n<meta property=\"og:description\" content=\"Tirez davantage de valeur de vos donn\u00e9es et acc\u00e9l\u00e9rez les r\u00e9sultats de vos initiatives d\u2019IA pour obtenir des informations pertinentes et favoriser l\u2019innovation.  En savoir plus\" \/>\n<meta property=\"og:url\" content=\"https:\/\/spitec.ci\/?product=serveur-hpe\" \/>\n<meta property=\"og:site_name\" content=\"SPITEC\" \/>\n<meta property=\"article:publisher\" content=\"https:\/\/www.facebook.com\/spitecpro\" \/>\n<meta property=\"article:modified_time\" content=\"2024-02-25T17:40:42+00:00\" \/>\n<meta property=\"og:image\" content=\"https:\/\/spitec.ci\/wp-content\/uploads\/2024\/02\/hpe-servers.jpg\" \/>\n\t<meta property=\"og:image:width\" content=\"347\" \/>\n\t<meta property=\"og:image:height\" content=\"145\" \/>\n\t<meta property=\"og:image:type\" content=\"image\/jpeg\" \/>\n<meta name=\"twitter:card\" content=\"summary_large_image\" \/>\n<script type=\"application\/ld+json\" class=\"yoast-schema-graph\">{\"@context\":\"https:\/\/schema.org\",\"@graph\":[{\"@type\":\"WebPage\",\"@id\":\"https:\/\/spitec.ci\/?product=serveur-hpe\",\"url\":\"https:\/\/spitec.ci\/?product=serveur-hpe\",\"name\":\"Serveur HPE - SPITEC\",\"isPartOf\":{\"@id\":\"https:\/\/spitec.ci\/#website\"},\"primaryImageOfPage\":{\"@id\":\"https:\/\/spitec.ci\/?product=serveur-hpe#primaryimage\"},\"image\":{\"@id\":\"https:\/\/spitec.ci\/?product=serveur-hpe#primaryimage\"},\"thumbnailUrl\":\"https:\/\/spitec.ci\/wp-content\/uploads\/2024\/02\/hpe-servers.jpg\",\"datePublished\":\"2024-02-25T17:39:26+00:00\",\"dateModified\":\"2024-02-25T17:40:42+00:00\",\"breadcrumb\":{\"@id\":\"https:\/\/spitec.ci\/?product=serveur-hpe#breadcrumb\"},\"inLanguage\":\"fr-FR\",\"potentialAction\":[{\"@type\":\"ReadAction\",\"target\":[\"https:\/\/spitec.ci\/?product=serveur-hpe\"]}]},{\"@type\":\"ImageObject\",\"inLanguage\":\"fr-FR\",\"@id\":\"https:\/\/spitec.ci\/?product=serveur-hpe#primaryimage\",\"url\":\"https:\/\/spitec.ci\/wp-content\/uploads\/2024\/02\/hpe-servers.jpg\",\"contentUrl\":\"https:\/\/spitec.ci\/wp-content\/uploads\/2024\/02\/hpe-servers.jpg\",\"width\":347,\"height\":145},{\"@type\":\"BreadcrumbList\",\"@id\":\"https:\/\/spitec.ci\/?product=serveur-hpe#breadcrumb\",\"itemListElement\":[{\"@type\":\"ListItem\",\"position\":1,\"name\":\"Home\",\"item\":\"https:\/\/spitec.ci\/\"},{\"@type\":\"ListItem\",\"position\":2,\"name\":\"SPITEC Store\",\"item\":\"https:\/\/spitec.ci\/?page_id=9\"},{\"@type\":\"ListItem\",\"position\":3,\"name\":\"Serveur HPE\"}]},{\"@type\":\"WebSite\",\"@id\":\"https:\/\/spitec.ci\/#website\",\"url\":\"https:\/\/spitec.ci\/\",\"name\":\"SPITEC\",\"description\":\"Soci\u00e9t\u00e9 des Professionnels de l&#039;Information et de la Technologie\",\"publisher\":{\"@id\":\"https:\/\/spitec.ci\/#organization\"},\"alternateName\":\"SPITEC\",\"potentialAction\":[{\"@type\":\"SearchAction\",\"target\":{\"@type\":\"EntryPoint\",\"urlTemplate\":\"https:\/\/spitec.ci\/?s={search_term_string}\"},\"query-input\":{\"@type\":\"PropertyValueSpecification\",\"valueRequired\":true,\"valueName\":\"search_term_string\"}}],\"inLanguage\":\"fr-FR\"},{\"@type\":\"Organization\",\"@id\":\"https:\/\/spitec.ci\/#organization\",\"name\":\"SPITEC\",\"url\":\"https:\/\/spitec.ci\/\",\"logo\":{\"@type\":\"ImageObject\",\"inLanguage\":\"fr-FR\",\"@id\":\"https:\/\/spitec.ci\/#\/schema\/logo\/image\/\",\"url\":\"https:\/\/spitec.ci\/wp-content\/uploads\/2024\/04\/cropped-Plan-de-travail-1.png\",\"contentUrl\":\"https:\/\/spitec.ci\/wp-content\/uploads\/2024\/04\/cropped-Plan-de-travail-1.png\",\"width\":512,\"height\":512,\"caption\":\"SPITEC\"},\"image\":{\"@id\":\"https:\/\/spitec.ci\/#\/schema\/logo\/image\/\"},\"sameAs\":[\"https:\/\/www.facebook.com\/spitecpro\",\"https:\/\/www.linkedin.com\/company\/spitecpro\"],\"description\":\"Int\u00e9grateur de Solutions - L'\u00e9quipe IT \u00e0 votre port\u00e9\",\"email\":\"direction@spitec.ci\",\"telephone\":\"+2250700301929\",\"legalName\":\"SPITEC\",\"foundingDate\":\"2016-05-01\",\"numberOfEmployees\":{\"@type\":\"QuantitativeValue\",\"minValue\":\"11\",\"maxValue\":\"50\"}}]}<\/script>\n<!-- \/ Yoast SEO Premium plugin. -->","yoast_head_json":{"title":"Serveur HPE - SPITEC","robots":{"index":"index","follow":"follow","max-snippet":"max-snippet:-1","max-image-preview":"max-image-preview:large","max-video-preview":"max-video-preview:-1"},"canonical":"https:\/\/spitec.ci\/?product=serveur-hpe","og_locale":"fr_FR","og_type":"article","og_title":"Serveur HPE","og_description":"Tirez davantage de valeur de vos donn\u00e9es et acc\u00e9l\u00e9rez les r\u00e9sultats de vos initiatives d\u2019IA pour obtenir des informations pertinentes et favoriser l\u2019innovation.  En savoir plus","og_url":"https:\/\/spitec.ci\/?product=serveur-hpe","og_site_name":"SPITEC","article_publisher":"https:\/\/www.facebook.com\/spitecpro","article_modified_time":"2024-02-25T17:40:42+00:00","og_image":[{"width":347,"height":145,"url":"https:\/\/spitec.ci\/wp-content\/uploads\/2024\/02\/hpe-servers.jpg","type":"image\/jpeg"}],"twitter_card":"summary_large_image","schema":{"@context":"https:\/\/schema.org","@graph":[{"@type":"WebPage","@id":"https:\/\/spitec.ci\/?product=serveur-hpe","url":"https:\/\/spitec.ci\/?product=serveur-hpe","name":"Serveur HPE - SPITEC","isPartOf":{"@id":"https:\/\/spitec.ci\/#website"},"primaryImageOfPage":{"@id":"https:\/\/spitec.ci\/?product=serveur-hpe#primaryimage"},"image":{"@id":"https:\/\/spitec.ci\/?product=serveur-hpe#primaryimage"},"thumbnailUrl":"https:\/\/spitec.ci\/wp-content\/uploads\/2024\/02\/hpe-servers.jpg","datePublished":"2024-02-25T17:39:26+00:00","dateModified":"2024-02-25T17:40:42+00:00","breadcrumb":{"@id":"https:\/\/spitec.ci\/?product=serveur-hpe#breadcrumb"},"inLanguage":"fr-FR","potentialAction":[{"@type":"ReadAction","target":["https:\/\/spitec.ci\/?product=serveur-hpe"]}]},{"@type":"ImageObject","inLanguage":"fr-FR","@id":"https:\/\/spitec.ci\/?product=serveur-hpe#primaryimage","url":"https:\/\/spitec.ci\/wp-content\/uploads\/2024\/02\/hpe-servers.jpg","contentUrl":"https:\/\/spitec.ci\/wp-content\/uploads\/2024\/02\/hpe-servers.jpg","width":347,"height":145},{"@type":"BreadcrumbList","@id":"https:\/\/spitec.ci\/?product=serveur-hpe#breadcrumb","itemListElement":[{"@type":"ListItem","position":1,"name":"Home","item":"https:\/\/spitec.ci\/"},{"@type":"ListItem","position":2,"name":"SPITEC Store","item":"https:\/\/spitec.ci\/?page_id=9"},{"@type":"ListItem","position":3,"name":"Serveur HPE"}]},{"@type":"WebSite","@id":"https:\/\/spitec.ci\/#website","url":"https:\/\/spitec.ci\/","name":"SPITEC","description":"Soci\u00e9t\u00e9 des Professionnels de l&#039;Information et de la Technologie","publisher":{"@id":"https:\/\/spitec.ci\/#organization"},"alternateName":"SPITEC","potentialAction":[{"@type":"SearchAction","target":{"@type":"EntryPoint","urlTemplate":"https:\/\/spitec.ci\/?s={search_term_string}"},"query-input":{"@type":"PropertyValueSpecification","valueRequired":true,"valueName":"search_term_string"}}],"inLanguage":"fr-FR"},{"@type":"Organization","@id":"https:\/\/spitec.ci\/#organization","name":"SPITEC","url":"https:\/\/spitec.ci\/","logo":{"@type":"ImageObject","inLanguage":"fr-FR","@id":"https:\/\/spitec.ci\/#\/schema\/logo\/image\/","url":"https:\/\/spitec.ci\/wp-content\/uploads\/2024\/04\/cropped-Plan-de-travail-1.png","contentUrl":"https:\/\/spitec.ci\/wp-content\/uploads\/2024\/04\/cropped-Plan-de-travail-1.png","width":512,"height":512,"caption":"SPITEC"},"image":{"@id":"https:\/\/spitec.ci\/#\/schema\/logo\/image\/"},"sameAs":["https:\/\/www.facebook.com\/spitecpro","https:\/\/www.linkedin.com\/company\/spitecpro"],"description":"Int\u00e9grateur de Solutions - L'\u00e9quipe IT \u00e0 votre port\u00e9","email":"direction@spitec.ci","telephone":"+2250700301929","legalName":"SPITEC","foundingDate":"2016-05-01","numberOfEmployees":{"@type":"QuantitativeValue","minValue":"11","maxValue":"50"}}]}},"_links":{"self":[{"href":"https:\/\/spitec.ci\/index.php?rest_route=\/wp\/v2\/product\/3742","targetHints":{"allow":["GET"]}}],"collection":[{"href":"https:\/\/spitec.ci\/index.php?rest_route=\/wp\/v2\/product"}],"about":[{"href":"https:\/\/spitec.ci\/index.php?rest_route=\/wp\/v2\/types\/product"}],"wp:featuredmedia":[{"embeddable":true,"href":"https:\/\/spitec.ci\/index.php?rest_route=\/wp\/v2\/media\/3725"}],"wp:attachment":[{"href":"https:\/\/spitec.ci\/index.php?rest_route=%2Fwp%2Fv2%2Fmedia&parent=3742"}],"wp:term":[{"taxonomy":"product_cat","embeddable":true,"href":"https:\/\/spitec.ci\/index.php?rest_route=%2Fwp%2Fv2%2Fproduct_cat&post=3742"},{"taxonomy":"product_tag","embeddable":true,"href":"https:\/\/spitec.ci\/index.php?rest_route=%2Fwp%2Fv2%2Fproduct_tag&post=3742"}],"curies":[{"name":"wp","href":"https:\/\/api.w.org\/{rel}","templated":true}]}}