{"id":3266,"date":"2022-03-07T14:20:56","date_gmt":"2022-03-07T13:20:56","guid":{"rendered":"https:\/\/spitec.ci\/?post_type=product&#038;p=3266"},"modified":"2024-02-19T13:11:58","modified_gmt":"2024-02-19T12:11:58","slug":"1-an-x-license-%e2%9c%85-eset-internet-security-2022","status":"publish","type":"product","link":"https:\/\/spitec.ci\/?product=1-an-x-license-%e2%9c%85-eset-internet-security-2022","title":{"rendered":"1 An x License \u2705 Eset Internet Security 2022"},"content":{"rendered":"","protected":false},"excerpt":{"rendered":"","protected":false},"featured_media":3380,"template":"","meta":[],"product_cat":[67],"product_tag":[],"class_list":{"0":"post-3266","1":"product","2":"type-product","3":"status-publish","4":"has-post-thumbnail","6":"product_cat-antivirus","8":"first","9":"instock","10":"downloadable","11":"virtual","12":"product-type-simple"},"yoast_head":"<!-- This site is optimized with the Yoast SEO Premium plugin v23.8 (Yoast SEO v23.8) - https:\/\/yoast.com\/wordpress\/plugins\/seo\/ -->\n<title>1 An x License \u2705 Eset Internet Security 2022 - SPITEC<\/title>\n<meta name=\"robots\" content=\"index, follow, max-snippet:-1, max-image-preview:large, max-video-preview:-1\" \/>\n<link rel=\"canonical\" href=\"https:\/\/spitec.ci\/?product=1-an-x-license-\u2705-eset-internet-security-2022\" \/>\n<meta property=\"og:locale\" content=\"fr_FR\" \/>\n<meta property=\"og:type\" content=\"article\" \/>\n<meta property=\"og:title\" content=\"1 An x License \u2705 Eset Internet Security 2022\" \/>\n<meta property=\"og:url\" content=\"https:\/\/spitec.ci\/?product=1-an-x-license-\u2705-eset-internet-security-2022\" \/>\n<meta property=\"og:site_name\" content=\"SPITEC\" \/>\n<meta property=\"article:publisher\" content=\"https:\/\/www.facebook.com\/spitecpro\" \/>\n<meta property=\"article:modified_time\" content=\"2024-02-19T12:11:58+00:00\" \/>\n<meta property=\"og:image\" content=\"https:\/\/spitec.ci\/wp-content\/uploads\/2022\/03\/ESET-Smart-Security-Premium.jpg\" \/>\n\t<meta property=\"og:image:width\" content=\"800\" \/>\n\t<meta property=\"og:image:height\" content=\"527\" \/>\n\t<meta property=\"og:image:type\" content=\"image\/jpeg\" \/>\n<meta name=\"twitter:card\" content=\"summary_large_image\" \/>\n<script type=\"application\/ld+json\" class=\"yoast-schema-graph\">{\"@context\":\"https:\/\/schema.org\",\"@graph\":[{\"@type\":\"WebPage\",\"@id\":\"https:\/\/spitec.ci\/?product=1-an-x-license-%e2%9c%85-eset-internet-security-2022\",\"url\":\"https:\/\/spitec.ci\/?product=1-an-x-license-%e2%9c%85-eset-internet-security-2022\",\"name\":\"1 An x License \u2705 Eset Internet Security 2022 - SPITEC\",\"isPartOf\":{\"@id\":\"https:\/\/spitec.ci\/#website\"},\"primaryImageOfPage\":{\"@id\":\"https:\/\/spitec.ci\/?product=1-an-x-license-%e2%9c%85-eset-internet-security-2022#primaryimage\"},\"image\":{\"@id\":\"https:\/\/spitec.ci\/?product=1-an-x-license-%e2%9c%85-eset-internet-security-2022#primaryimage\"},\"thumbnailUrl\":\"https:\/\/spitec.ci\/wp-content\/uploads\/2022\/03\/ESET-Smart-Security-Premium.jpg\",\"datePublished\":\"2022-03-07T13:20:56+00:00\",\"dateModified\":\"2024-02-19T12:11:58+00:00\",\"breadcrumb\":{\"@id\":\"https:\/\/spitec.ci\/?product=1-an-x-license-%e2%9c%85-eset-internet-security-2022#breadcrumb\"},\"inLanguage\":\"fr-FR\",\"potentialAction\":[{\"@type\":\"ReadAction\",\"target\":[\"https:\/\/spitec.ci\/?product=1-an-x-license-%e2%9c%85-eset-internet-security-2022\"]}]},{\"@type\":\"ImageObject\",\"inLanguage\":\"fr-FR\",\"@id\":\"https:\/\/spitec.ci\/?product=1-an-x-license-%e2%9c%85-eset-internet-security-2022#primaryimage\",\"url\":\"https:\/\/spitec.ci\/wp-content\/uploads\/2022\/03\/ESET-Smart-Security-Premium.jpg\",\"contentUrl\":\"https:\/\/spitec.ci\/wp-content\/uploads\/2022\/03\/ESET-Smart-Security-Premium.jpg\",\"width\":800,\"height\":527},{\"@type\":\"BreadcrumbList\",\"@id\":\"https:\/\/spitec.ci\/?product=1-an-x-license-%e2%9c%85-eset-internet-security-2022#breadcrumb\",\"itemListElement\":[{\"@type\":\"ListItem\",\"position\":1,\"name\":\"Home\",\"item\":\"https:\/\/spitec.ci\/\"},{\"@type\":\"ListItem\",\"position\":2,\"name\":\"SPITEC Store\",\"item\":\"https:\/\/spitec.ci\/?page_id=9\"},{\"@type\":\"ListItem\",\"position\":3,\"name\":\"1 An x License \u2705 Eset Internet Security 2022\"}]},{\"@type\":\"WebSite\",\"@id\":\"https:\/\/spitec.ci\/#website\",\"url\":\"https:\/\/spitec.ci\/\",\"name\":\"SPITEC\",\"description\":\"Soci\u00e9t\u00e9 des Professionnels de l&#039;Information et de la Technologie\",\"publisher\":{\"@id\":\"https:\/\/spitec.ci\/#organization\"},\"alternateName\":\"SPITEC\",\"potentialAction\":[{\"@type\":\"SearchAction\",\"target\":{\"@type\":\"EntryPoint\",\"urlTemplate\":\"https:\/\/spitec.ci\/?s={search_term_string}\"},\"query-input\":{\"@type\":\"PropertyValueSpecification\",\"valueRequired\":true,\"valueName\":\"search_term_string\"}}],\"inLanguage\":\"fr-FR\"},{\"@type\":\"Organization\",\"@id\":\"https:\/\/spitec.ci\/#organization\",\"name\":\"SPITEC\",\"url\":\"https:\/\/spitec.ci\/\",\"logo\":{\"@type\":\"ImageObject\",\"inLanguage\":\"fr-FR\",\"@id\":\"https:\/\/spitec.ci\/#\/schema\/logo\/image\/\",\"url\":\"https:\/\/spitec.ci\/wp-content\/uploads\/2024\/04\/cropped-Plan-de-travail-1.png\",\"contentUrl\":\"https:\/\/spitec.ci\/wp-content\/uploads\/2024\/04\/cropped-Plan-de-travail-1.png\",\"width\":512,\"height\":512,\"caption\":\"SPITEC\"},\"image\":{\"@id\":\"https:\/\/spitec.ci\/#\/schema\/logo\/image\/\"},\"sameAs\":[\"https:\/\/www.facebook.com\/spitecpro\",\"https:\/\/www.linkedin.com\/company\/spitecpro\"],\"description\":\"Int\u00e9grateur de Solutions - L'\u00e9quipe IT \u00e0 votre port\u00e9\",\"email\":\"direction@spitec.ci\",\"telephone\":\"+2250700301929\",\"legalName\":\"SPITEC\",\"foundingDate\":\"2016-05-01\",\"numberOfEmployees\":{\"@type\":\"QuantitativeValue\",\"minValue\":\"11\",\"maxValue\":\"50\"}}]}<\/script>\n<!-- \/ Yoast SEO Premium plugin. -->","yoast_head_json":{"title":"1 An x License \u2705 Eset Internet Security 2022 - SPITEC","robots":{"index":"index","follow":"follow","max-snippet":"max-snippet:-1","max-image-preview":"max-image-preview:large","max-video-preview":"max-video-preview:-1"},"canonical":"https:\/\/spitec.ci\/?product=1-an-x-license-\u2705-eset-internet-security-2022","og_locale":"fr_FR","og_type":"article","og_title":"1 An x License \u2705 Eset Internet Security 2022","og_url":"https:\/\/spitec.ci\/?product=1-an-x-license-\u2705-eset-internet-security-2022","og_site_name":"SPITEC","article_publisher":"https:\/\/www.facebook.com\/spitecpro","article_modified_time":"2024-02-19T12:11:58+00:00","og_image":[{"width":800,"height":527,"url":"https:\/\/spitec.ci\/wp-content\/uploads\/2022\/03\/ESET-Smart-Security-Premium.jpg","type":"image\/jpeg"}],"twitter_card":"summary_large_image","schema":{"@context":"https:\/\/schema.org","@graph":[{"@type":"WebPage","@id":"https:\/\/spitec.ci\/?product=1-an-x-license-%e2%9c%85-eset-internet-security-2022","url":"https:\/\/spitec.ci\/?product=1-an-x-license-%e2%9c%85-eset-internet-security-2022","name":"1 An x License \u2705 Eset Internet Security 2022 - SPITEC","isPartOf":{"@id":"https:\/\/spitec.ci\/#website"},"primaryImageOfPage":{"@id":"https:\/\/spitec.ci\/?product=1-an-x-license-%e2%9c%85-eset-internet-security-2022#primaryimage"},"image":{"@id":"https:\/\/spitec.ci\/?product=1-an-x-license-%e2%9c%85-eset-internet-security-2022#primaryimage"},"thumbnailUrl":"https:\/\/spitec.ci\/wp-content\/uploads\/2022\/03\/ESET-Smart-Security-Premium.jpg","datePublished":"2022-03-07T13:20:56+00:00","dateModified":"2024-02-19T12:11:58+00:00","breadcrumb":{"@id":"https:\/\/spitec.ci\/?product=1-an-x-license-%e2%9c%85-eset-internet-security-2022#breadcrumb"},"inLanguage":"fr-FR","potentialAction":[{"@type":"ReadAction","target":["https:\/\/spitec.ci\/?product=1-an-x-license-%e2%9c%85-eset-internet-security-2022"]}]},{"@type":"ImageObject","inLanguage":"fr-FR","@id":"https:\/\/spitec.ci\/?product=1-an-x-license-%e2%9c%85-eset-internet-security-2022#primaryimage","url":"https:\/\/spitec.ci\/wp-content\/uploads\/2022\/03\/ESET-Smart-Security-Premium.jpg","contentUrl":"https:\/\/spitec.ci\/wp-content\/uploads\/2022\/03\/ESET-Smart-Security-Premium.jpg","width":800,"height":527},{"@type":"BreadcrumbList","@id":"https:\/\/spitec.ci\/?product=1-an-x-license-%e2%9c%85-eset-internet-security-2022#breadcrumb","itemListElement":[{"@type":"ListItem","position":1,"name":"Home","item":"https:\/\/spitec.ci\/"},{"@type":"ListItem","position":2,"name":"SPITEC Store","item":"https:\/\/spitec.ci\/?page_id=9"},{"@type":"ListItem","position":3,"name":"1 An x License \u2705 Eset Internet Security 2022"}]},{"@type":"WebSite","@id":"https:\/\/spitec.ci\/#website","url":"https:\/\/spitec.ci\/","name":"SPITEC","description":"Soci\u00e9t\u00e9 des Professionnels de l&#039;Information et de la Technologie","publisher":{"@id":"https:\/\/spitec.ci\/#organization"},"alternateName":"SPITEC","potentialAction":[{"@type":"SearchAction","target":{"@type":"EntryPoint","urlTemplate":"https:\/\/spitec.ci\/?s={search_term_string}"},"query-input":{"@type":"PropertyValueSpecification","valueRequired":true,"valueName":"search_term_string"}}],"inLanguage":"fr-FR"},{"@type":"Organization","@id":"https:\/\/spitec.ci\/#organization","name":"SPITEC","url":"https:\/\/spitec.ci\/","logo":{"@type":"ImageObject","inLanguage":"fr-FR","@id":"https:\/\/spitec.ci\/#\/schema\/logo\/image\/","url":"https:\/\/spitec.ci\/wp-content\/uploads\/2024\/04\/cropped-Plan-de-travail-1.png","contentUrl":"https:\/\/spitec.ci\/wp-content\/uploads\/2024\/04\/cropped-Plan-de-travail-1.png","width":512,"height":512,"caption":"SPITEC"},"image":{"@id":"https:\/\/spitec.ci\/#\/schema\/logo\/image\/"},"sameAs":["https:\/\/www.facebook.com\/spitecpro","https:\/\/www.linkedin.com\/company\/spitecpro"],"description":"Int\u00e9grateur de Solutions - L'\u00e9quipe IT \u00e0 votre port\u00e9","email":"direction@spitec.ci","telephone":"+2250700301929","legalName":"SPITEC","foundingDate":"2016-05-01","numberOfEmployees":{"@type":"QuantitativeValue","minValue":"11","maxValue":"50"}}]}},"_links":{"self":[{"href":"https:\/\/spitec.ci\/index.php?rest_route=\/wp\/v2\/product\/3266","targetHints":{"allow":["GET"]}}],"collection":[{"href":"https:\/\/spitec.ci\/index.php?rest_route=\/wp\/v2\/product"}],"about":[{"href":"https:\/\/spitec.ci\/index.php?rest_route=\/wp\/v2\/types\/product"}],"wp:featuredmedia":[{"embeddable":true,"href":"https:\/\/spitec.ci\/index.php?rest_route=\/wp\/v2\/media\/3380"}],"wp:attachment":[{"href":"https:\/\/spitec.ci\/index.php?rest_route=%2Fwp%2Fv2%2Fmedia&parent=3266"}],"wp:term":[{"taxonomy":"product_cat","embeddable":true,"href":"https:\/\/spitec.ci\/index.php?rest_route=%2Fwp%2Fv2%2Fproduct_cat&post=3266"},{"taxonomy":"product_tag","embeddable":true,"href":"https:\/\/spitec.ci\/index.php?rest_route=%2Fwp%2Fv2%2Fproduct_tag&post=3266"}],"curies":[{"name":"wp","href":"https:\/\/api.w.org\/{rel}","templated":true}]}}