{"id":3252,"date":"2022-03-07T13:49:09","date_gmt":"2022-03-07T12:49:09","guid":{"rendered":"https:\/\/spitec.ci\/?post_type=product&#038;p=3252"},"modified":"2024-02-19T13:11:32","modified_gmt":"2024-02-19T12:11:32","slug":"1-license-microsoft-project-pro-2019-2020-2021","status":"publish","type":"product","link":"https:\/\/spitec.ci\/?product=1-license-microsoft-project-pro-2019-2020-2021","title":{"rendered":"1 License Microsoft Project Pro  2019\/2020\/2021"},"content":{"rendered":"<p><a href=\"https:\/\/spitec.ci\/store\"><strong>Microsoft Project Standard<\/strong><\/a> propose aux PME un outil de gestion et de planification de projets. L&#8217;application permet de planifier ses projets \u00e0 l&#8217;aide de nombreux mod\u00e8les dont des diagrammes de Gantt ainsi que des outils de r\u00e9partition des co\u00fbts et des t\u00e2ches.<\/p>\n<p>Le fait de t\u00e9l\u00e9charger Microsoft <strong>Project Standard <\/strong>autorise le suivi simplifi\u00e9 de l&#8217;\u00e9volution de votre projet, visualiser les modifications de chaque intervenant, mais \u00e9galement tester et annuler des changements en fonction de l&#8217;impact sur l&#8217;ensemble du projet. Le logiciel permet aussi de d\u00e9finir des t\u00e2ches comme inactives dans les diagrammes afin d&#8217;analyser au mieux le comportement du projet sans avoir \u00e0 tout reconstruire.<\/p>\n<p><strong>Microsoft Project Standard<\/strong> int\u00e8gre un module de gestion de finances pour affecter les budgets, estimer les co\u00fbts et suivre les d\u00e9penses au fur et \u00e0 mesure de l&#8217;avancement du projet. Pour en profiter, il suffit de vous rendre sur la page d&#8217;accueil de Microsoft afin de t\u00e9l\u00e9charger <strong>Microsoft Project Standard <\/strong>en toute simplicit\u00e9.<\/p>\n<div id=\"highlighter--hover-tools\" style=\"display: none;\">\n<div id=\"highlighter--hover-tools--container\">\n<div class=\"highlighter--icon highlighter--icon-copy\" title=\"Copy\"><\/div>\n<div class=\"highlighter--icon highlighter--icon-change-color\" title=\"Change Color\"><\/div>\n<div class=\"highlighter--icon highlighter--icon-delete\" title=\"Delete\"><\/div>\n<\/div>\n<\/div>\n","protected":false},"excerpt":{"rendered":"<p>&nbsp;<\/p>\n<div id=\"highlighter--hover-tools\" style=\"display: none;\">\n<div id=\"highlighter--hover-tools--container\">\n<div class=\"highlighter--icon highlighter--icon-copy\" title=\"Copy\"><\/div>\n<div class=\"highlighter--icon highlighter--icon-change-color\" title=\"Change Color\"><\/div>\n<div class=\"highlighter--icon highlighter--icon-delete\" title=\"Delete\"><\/div>\n<\/div>\n<\/div>\n","protected":false},"featured_media":3377,"template":"","meta":[],"product_cat":[66,65,61],"product_tag":[],"class_list":{"0":"post-3252","1":"product","2":"type-product","3":"status-publish","4":"has-post-thumbnail","6":"product_cat-divers","7":"product_cat-logiciels","8":"product_cat-microsoft","10":"first","11":"instock","12":"downloadable","13":"virtual","14":"product-type-simple"},"yoast_head":"<!-- This site is optimized with the Yoast SEO Premium plugin v23.8 (Yoast SEO v23.8) - https:\/\/yoast.com\/wordpress\/plugins\/seo\/ -->\n<title>1 License Microsoft Project Pro 2019\/2020\/2021 - SPITEC<\/title>\n<meta name=\"robots\" content=\"index, follow, max-snippet:-1, max-image-preview:large, max-video-preview:-1\" \/>\n<link rel=\"canonical\" href=\"https:\/\/spitec.ci\/?product=1-license-microsoft-project-pro-2019-2020-2021\" \/>\n<meta property=\"og:locale\" content=\"fr_FR\" \/>\n<meta property=\"og:type\" content=\"article\" \/>\n<meta property=\"og:title\" content=\"1 License Microsoft Project Pro 2019\/2020\/2021\" \/>\n<meta property=\"og:description\" content=\"&nbsp;\" \/>\n<meta property=\"og:url\" content=\"https:\/\/spitec.ci\/?product=1-license-microsoft-project-pro-2019-2020-2021\" \/>\n<meta property=\"og:site_name\" content=\"SPITEC\" \/>\n<meta property=\"article:publisher\" content=\"https:\/\/www.facebook.com\/spitecpro\" \/>\n<meta property=\"article:modified_time\" content=\"2024-02-19T12:11:32+00:00\" \/>\n<meta property=\"og:image\" content=\"https:\/\/spitec.ci\/wp-content\/uploads\/2022\/03\/Project-Professional-2019.jpg\" \/>\n\t<meta property=\"og:image:width\" content=\"1083\" \/>\n\t<meta property=\"og:image:height\" content=\"1500\" \/>\n\t<meta property=\"og:image:type\" content=\"image\/jpeg\" \/>\n<meta name=\"twitter:card\" content=\"summary_large_image\" \/>\n<meta name=\"twitter:label1\" content=\"Dur\u00e9e de lecture estim\u00e9e\" \/>\n\t<meta name=\"twitter:data1\" content=\"1 minute\" \/>\n<script type=\"application\/ld+json\" class=\"yoast-schema-graph\">{\"@context\":\"https:\/\/schema.org\",\"@graph\":[{\"@type\":\"WebPage\",\"@id\":\"https:\/\/spitec.ci\/?product=1-license-microsoft-project-pro-2019-2020-2021\",\"url\":\"https:\/\/spitec.ci\/?product=1-license-microsoft-project-pro-2019-2020-2021\",\"name\":\"1 License Microsoft Project Pro 2019\/2020\/2021 - SPITEC\",\"isPartOf\":{\"@id\":\"https:\/\/spitec.ci\/#website\"},\"primaryImageOfPage\":{\"@id\":\"https:\/\/spitec.ci\/?product=1-license-microsoft-project-pro-2019-2020-2021#primaryimage\"},\"image\":{\"@id\":\"https:\/\/spitec.ci\/?product=1-license-microsoft-project-pro-2019-2020-2021#primaryimage\"},\"thumbnailUrl\":\"https:\/\/spitec.ci\/wp-content\/uploads\/2022\/03\/Project-Professional-2019.jpg\",\"datePublished\":\"2022-03-07T12:49:09+00:00\",\"dateModified\":\"2024-02-19T12:11:32+00:00\",\"breadcrumb\":{\"@id\":\"https:\/\/spitec.ci\/?product=1-license-microsoft-project-pro-2019-2020-2021#breadcrumb\"},\"inLanguage\":\"fr-FR\",\"potentialAction\":[{\"@type\":\"ReadAction\",\"target\":[\"https:\/\/spitec.ci\/?product=1-license-microsoft-project-pro-2019-2020-2021\"]}]},{\"@type\":\"ImageObject\",\"inLanguage\":\"fr-FR\",\"@id\":\"https:\/\/spitec.ci\/?product=1-license-microsoft-project-pro-2019-2020-2021#primaryimage\",\"url\":\"https:\/\/spitec.ci\/wp-content\/uploads\/2022\/03\/Project-Professional-2019.jpg\",\"contentUrl\":\"https:\/\/spitec.ci\/wp-content\/uploads\/2022\/03\/Project-Professional-2019.jpg\",\"width\":1083,\"height\":1500},{\"@type\":\"BreadcrumbList\",\"@id\":\"https:\/\/spitec.ci\/?product=1-license-microsoft-project-pro-2019-2020-2021#breadcrumb\",\"itemListElement\":[{\"@type\":\"ListItem\",\"position\":1,\"name\":\"Home\",\"item\":\"https:\/\/spitec.ci\/\"},{\"@type\":\"ListItem\",\"position\":2,\"name\":\"SPITEC Store\",\"item\":\"https:\/\/spitec.ci\/?page_id=9\"},{\"@type\":\"ListItem\",\"position\":3,\"name\":\"1 License Microsoft Project Pro 2019\/2020\/2021\"}]},{\"@type\":\"WebSite\",\"@id\":\"https:\/\/spitec.ci\/#website\",\"url\":\"https:\/\/spitec.ci\/\",\"name\":\"SPITEC\",\"description\":\"Soci\u00e9t\u00e9 des Professionnels de l&#039;Information et de la Technologie\",\"publisher\":{\"@id\":\"https:\/\/spitec.ci\/#organization\"},\"alternateName\":\"SPITEC\",\"potentialAction\":[{\"@type\":\"SearchAction\",\"target\":{\"@type\":\"EntryPoint\",\"urlTemplate\":\"https:\/\/spitec.ci\/?s={search_term_string}\"},\"query-input\":{\"@type\":\"PropertyValueSpecification\",\"valueRequired\":true,\"valueName\":\"search_term_string\"}}],\"inLanguage\":\"fr-FR\"},{\"@type\":\"Organization\",\"@id\":\"https:\/\/spitec.ci\/#organization\",\"name\":\"SPITEC\",\"url\":\"https:\/\/spitec.ci\/\",\"logo\":{\"@type\":\"ImageObject\",\"inLanguage\":\"fr-FR\",\"@id\":\"https:\/\/spitec.ci\/#\/schema\/logo\/image\/\",\"url\":\"https:\/\/spitec.ci\/wp-content\/uploads\/2024\/04\/cropped-Plan-de-travail-1.png\",\"contentUrl\":\"https:\/\/spitec.ci\/wp-content\/uploads\/2024\/04\/cropped-Plan-de-travail-1.png\",\"width\":512,\"height\":512,\"caption\":\"SPITEC\"},\"image\":{\"@id\":\"https:\/\/spitec.ci\/#\/schema\/logo\/image\/\"},\"sameAs\":[\"https:\/\/www.facebook.com\/spitecpro\",\"https:\/\/www.linkedin.com\/company\/spitecpro\"],\"description\":\"Int\u00e9grateur de Solutions - L'\u00e9quipe IT \u00e0 votre port\u00e9\",\"email\":\"direction@spitec.ci\",\"telephone\":\"+2250700301929\",\"legalName\":\"SPITEC\",\"foundingDate\":\"2016-05-01\",\"numberOfEmployees\":{\"@type\":\"QuantitativeValue\",\"minValue\":\"11\",\"maxValue\":\"50\"}}]}<\/script>\n<!-- \/ Yoast SEO Premium plugin. -->","yoast_head_json":{"title":"1 License Microsoft Project Pro 2019\/2020\/2021 - SPITEC","robots":{"index":"index","follow":"follow","max-snippet":"max-snippet:-1","max-image-preview":"max-image-preview:large","max-video-preview":"max-video-preview:-1"},"canonical":"https:\/\/spitec.ci\/?product=1-license-microsoft-project-pro-2019-2020-2021","og_locale":"fr_FR","og_type":"article","og_title":"1 License Microsoft Project Pro 2019\/2020\/2021","og_description":"&nbsp;","og_url":"https:\/\/spitec.ci\/?product=1-license-microsoft-project-pro-2019-2020-2021","og_site_name":"SPITEC","article_publisher":"https:\/\/www.facebook.com\/spitecpro","article_modified_time":"2024-02-19T12:11:32+00:00","og_image":[{"width":1083,"height":1500,"url":"https:\/\/spitec.ci\/wp-content\/uploads\/2022\/03\/Project-Professional-2019.jpg","type":"image\/jpeg"}],"twitter_card":"summary_large_image","twitter_misc":{"Dur\u00e9e de lecture estim\u00e9e":"1 minute"},"schema":{"@context":"https:\/\/schema.org","@graph":[{"@type":"WebPage","@id":"https:\/\/spitec.ci\/?product=1-license-microsoft-project-pro-2019-2020-2021","url":"https:\/\/spitec.ci\/?product=1-license-microsoft-project-pro-2019-2020-2021","name":"1 License Microsoft Project Pro 2019\/2020\/2021 - SPITEC","isPartOf":{"@id":"https:\/\/spitec.ci\/#website"},"primaryImageOfPage":{"@id":"https:\/\/spitec.ci\/?product=1-license-microsoft-project-pro-2019-2020-2021#primaryimage"},"image":{"@id":"https:\/\/spitec.ci\/?product=1-license-microsoft-project-pro-2019-2020-2021#primaryimage"},"thumbnailUrl":"https:\/\/spitec.ci\/wp-content\/uploads\/2022\/03\/Project-Professional-2019.jpg","datePublished":"2022-03-07T12:49:09+00:00","dateModified":"2024-02-19T12:11:32+00:00","breadcrumb":{"@id":"https:\/\/spitec.ci\/?product=1-license-microsoft-project-pro-2019-2020-2021#breadcrumb"},"inLanguage":"fr-FR","potentialAction":[{"@type":"ReadAction","target":["https:\/\/spitec.ci\/?product=1-license-microsoft-project-pro-2019-2020-2021"]}]},{"@type":"ImageObject","inLanguage":"fr-FR","@id":"https:\/\/spitec.ci\/?product=1-license-microsoft-project-pro-2019-2020-2021#primaryimage","url":"https:\/\/spitec.ci\/wp-content\/uploads\/2022\/03\/Project-Professional-2019.jpg","contentUrl":"https:\/\/spitec.ci\/wp-content\/uploads\/2022\/03\/Project-Professional-2019.jpg","width":1083,"height":1500},{"@type":"BreadcrumbList","@id":"https:\/\/spitec.ci\/?product=1-license-microsoft-project-pro-2019-2020-2021#breadcrumb","itemListElement":[{"@type":"ListItem","position":1,"name":"Home","item":"https:\/\/spitec.ci\/"},{"@type":"ListItem","position":2,"name":"SPITEC Store","item":"https:\/\/spitec.ci\/?page_id=9"},{"@type":"ListItem","position":3,"name":"1 License Microsoft Project Pro 2019\/2020\/2021"}]},{"@type":"WebSite","@id":"https:\/\/spitec.ci\/#website","url":"https:\/\/spitec.ci\/","name":"SPITEC","description":"Soci\u00e9t\u00e9 des Professionnels de l&#039;Information et de la Technologie","publisher":{"@id":"https:\/\/spitec.ci\/#organization"},"alternateName":"SPITEC","potentialAction":[{"@type":"SearchAction","target":{"@type":"EntryPoint","urlTemplate":"https:\/\/spitec.ci\/?s={search_term_string}"},"query-input":{"@type":"PropertyValueSpecification","valueRequired":true,"valueName":"search_term_string"}}],"inLanguage":"fr-FR"},{"@type":"Organization","@id":"https:\/\/spitec.ci\/#organization","name":"SPITEC","url":"https:\/\/spitec.ci\/","logo":{"@type":"ImageObject","inLanguage":"fr-FR","@id":"https:\/\/spitec.ci\/#\/schema\/logo\/image\/","url":"https:\/\/spitec.ci\/wp-content\/uploads\/2024\/04\/cropped-Plan-de-travail-1.png","contentUrl":"https:\/\/spitec.ci\/wp-content\/uploads\/2024\/04\/cropped-Plan-de-travail-1.png","width":512,"height":512,"caption":"SPITEC"},"image":{"@id":"https:\/\/spitec.ci\/#\/schema\/logo\/image\/"},"sameAs":["https:\/\/www.facebook.com\/spitecpro","https:\/\/www.linkedin.com\/company\/spitecpro"],"description":"Int\u00e9grateur de Solutions - L'\u00e9quipe IT \u00e0 votre port\u00e9","email":"direction@spitec.ci","telephone":"+2250700301929","legalName":"SPITEC","foundingDate":"2016-05-01","numberOfEmployees":{"@type":"QuantitativeValue","minValue":"11","maxValue":"50"}}]}},"_links":{"self":[{"href":"https:\/\/spitec.ci\/index.php?rest_route=\/wp\/v2\/product\/3252","targetHints":{"allow":["GET"]}}],"collection":[{"href":"https:\/\/spitec.ci\/index.php?rest_route=\/wp\/v2\/product"}],"about":[{"href":"https:\/\/spitec.ci\/index.php?rest_route=\/wp\/v2\/types\/product"}],"wp:featuredmedia":[{"embeddable":true,"href":"https:\/\/spitec.ci\/index.php?rest_route=\/wp\/v2\/media\/3377"}],"wp:attachment":[{"href":"https:\/\/spitec.ci\/index.php?rest_route=%2Fwp%2Fv2%2Fmedia&parent=3252"}],"wp:term":[{"taxonomy":"product_cat","embeddable":true,"href":"https:\/\/spitec.ci\/index.php?rest_route=%2Fwp%2Fv2%2Fproduct_cat&post=3252"},{"taxonomy":"product_tag","embeddable":true,"href":"https:\/\/spitec.ci\/index.php?rest_route=%2Fwp%2Fv2%2Fproduct_tag&post=3252"}],"curies":[{"name":"wp","href":"https:\/\/api.w.org\/{rel}","templated":true}]}}